{"id":161,"date":"2022-06-18T21:28:07","date_gmt":"2022-06-18T20:28:07","guid":{"rendered":"https:\/\/levangogh.fr\/?page_id=161"},"modified":"2022-06-18T21:37:00","modified_gmt":"2022-06-18T20:37:00","slug":"les-desserts","status":"publish","type":"page","link":"https:\/\/levangogh.fr\/?page_id=161","title":{"rendered":"Les desserts"},"content":{"rendered":"\n<div class=\"wp-block-themeisle-blocks-advanced-columns has-2-columns has-desktop-equal-layout has-tablet-equal-layout has-mobile-collapsedRows-layout has-default-gap has-vertical-unset\" id=\"wp-block-themeisle-blocks-advanced-columns-0eedfa11\"><div class=\"wp-block-themeisle-blocks-advanced-columns-overlay\"><\/div><div class=\"innerblocks-wrap\">\n<div class=\"wp-block-themeisle-blocks-advanced-column\" id=\"wp-block-themeisle-blocks-advanced-column-d9b0a8bc\">\n<table id=\"tablepress-9\" class=\"tablepress tablepress-id-9\">\n<tbody>\n<tr class=\"row-1\">\n\t<td class=\"column-1\">LES DESSERTS<br \/>\nLES CREPES \"Fait Maison\"<\/td><td class=\"column-2\"><\/td>\n<\/tr>\n<tr class=\"row-2\">\n\t<td class=\"column-1\">Cr\u00e8me br\u00fbl\u00e9e<\/td><td class=\"column-2\">8\u20ac<\/td>\n<\/tr>\n<tr class=\"row-3\">\n\t<td class=\"column-1\">Nougat glac\u00e9, citron confit<\/td><td class=\"column-2\">8\u20ac<\/td>\n<\/tr>\n<tr class=\"row-4\">\n\t<td class=\"column-1\">Moelleux chocolat<\/td><td class=\"column-2\">8\u20ac<\/td>\n<\/tr>\n<tr class=\"row-5\">\n\t<td class=\"column-1\">Pavlova fruits rouges,<\/td><td class=\"column-2\">8.50\u20ac<\/td>\n<\/tr>\n<tr class=\"row-6\">\n\t<td class=\"column-1\">Caf\u00e9 gourmand<br \/>\nPanna cotta, cr\u00e8me br\u00fbl\u00e9e, glace et p\u00e2tisserie <\/td><td class=\"column-2\">8\u20ac<\/td>\n<\/tr>\n<tr class=\"row-7\">\n\t<td class=\"column-1\">Allong\u00e9 gourmand<br \/>\nPanna cotta, cr\u00e8me br\u00fbl\u00e9e, glace et p\u00e2tisserie <\/td><td class=\"column-2\">9\u20ac<\/td>\n<\/tr>\n<tr class=\"row-8\">\n\t<td class=\"column-1\">Th\u00e9 gourmand ou petit cr\u00e8me gourmand<\/td><td class=\"column-2\">9\u20ac<\/td>\n<\/tr>\n<tr class=\"row-9\">\n\t<td class=\"column-1\">Caf\u00e9 Gourmant 'Sp\u00e9cial Serge ;-)'<\/td><td class=\"column-2\">10\u20ac<\/td>\n<\/tr>\n<tr class=\"row-10\">\n\t<td class=\"column-1\">Cr\u00eapes <\/td><td class=\"column-2\"><\/td>\n<\/tr>\n<tr class=\"row-11\">\n\t<td class=\"column-1\">au sucre<\/td><td class=\"column-2\">5\u20ac<\/td>\n<\/tr>\n<tr class=\"row-12\">\n\t<td class=\"column-1\">au Nutella<\/td><td class=\"column-2\">6.50\u20ac<\/td>\n<\/tr>\n<tr class=\"row-13\">\n\t<td class=\"column-1\">\u00e0 la cr\u00e8me sucr\u00e9e<\/td><td class=\"column-2\">7\u20ac<\/td>\n<\/tr>\n<tr class=\"row-14\">\n\t<td class=\"column-1\">Grand-Marnier<\/td><td class=\"column-2\">8\u20ac<\/td>\n<\/tr>\n<\/tbody>\n<\/table>\n<!-- #tablepress-9 from cache -->\n<\/div>\n\n\n\n<div class=\"wp-block-themeisle-blocks-advanced-column\" id=\"wp-block-themeisle-blocks-advanced-column-fe5d9497\">\n<table id=\"tablepress-10\" class=\"tablepress tablepress-id-10\">\n<tbody>\n<tr class=\"row-1\">\n\t<td class=\"column-1\">LES GLACES<\/td><td class=\"column-2\"><\/td>\n<\/tr>\n<tr class=\"row-2\">\n\t<td class=\"column-1\">Caf\u00e9 li\u00e9geois <br \/>\nTopping caf\u00e9, <br \/>\n2 boules de glace caf\u00e9, <br \/>\ncr\u00e8me sucr\u00e9e<\/td><td class=\"column-2\">7.50\u20ac<\/td>\n<\/tr>\n<tr class=\"row-3\">\n\t<td class=\"column-1\">Coupe Van Gogh <br \/>\n2 boules <br \/>\ncassis <br \/>\ncr\u00e8me de cassis<\/td><td class=\"column-2\">8\u20ac<\/td>\n<\/tr>\n<tr class=\"row-4\">\n\t<td class=\"column-1\">Chocolat li\u00e9geois <br \/>\nTopping chocolat, <br \/>\n2 boules de glace chocolat, <br \/>\ncr\u00e8me sucr\u00e9e<\/td><td class=\"column-2\">7.50\u20ac<\/td>\n<\/tr>\n<tr class=\"row-5\">\n\t<td class=\"column-1\">P\u00eache Melba<br \/>\nTopping fruits rouge, 2 boules glace vanille, oreillon de p\u00eache, cr\u00e8me sucr\u00e9e<\/td><td class=\"column-2\">8,50\u20ac<\/td>\n<\/tr>\n<tr class=\"row-6\">\n\t<td class=\"column-1\">Dame Blanche <br \/>\nTopping chocolat, 2 boules vanille, <br \/>\ncr\u00e8me sucr\u00e9e<\/td><td class=\"column-2\">7,50\u20ac<\/td>\n<\/tr>\n<tr class=\"row-7\">\n\t<td class=\"column-1\">Poire Belle H\u00e9l\u00e8ne <br \/>\nTopping chocolat, 2 boules glace vanille, oreillon de poire, cr\u00e8me sucr\u00e9e<\/td><td class=\"column-2\">8,50\u20ac<\/td>\n<\/tr>\n<tr class=\"row-8\">\n\t<td class=\"column-1\">Colonel Glace <br \/>\n2 boules citron vert, vodka 2cl<\/td><td class=\"column-2\">8,50\u20ac<\/td>\n<\/tr>\n<tr class=\"row-9\">\n\t<td class=\"column-1\">Glace:<\/td><td class=\"column-2\"><\/td>\n<\/tr>\n<tr class=\"row-10\">\n\t<td class=\"column-1\">1 boule<\/td><td class=\"column-2\">2,50\u20ac<\/td>\n<\/tr>\n<tr class=\"row-11\">\n\t<td class=\"column-1\">2 boules<\/td><td class=\"column-2\">4.80\u20ac<\/td>\n<\/tr>\n<tr class=\"row-12\">\n\t<td class=\"column-1\">3 boules<\/td><td class=\"column-2\">6,50\u20ac<\/td>\n<\/tr>\n<tr class=\"row-13\">\n\t<td class=\"column-1\">vanille, fraise, chocolat, <br \/>\ncaf\u00e9, citron, cassis, <br \/>\ncitron vert, pistache <\/td><td class=\"column-2\"><\/td>\n<\/tr>\n<\/tbody>\n<\/table>\n<!-- #tablepress-10 from cache -->\n<\/div>\n<\/div><\/div>\n","protected":false},"excerpt":{"rendered":"","protected":false},"author":1,"featured_media":0,"parent":0,"menu_order":0,"comment_status":"closed","ping_status":"closed","template":"","meta":{"footnotes":""},"class_list":["post-161","page","type-page","status-publish"],"yoast_head":"<!-- This site is optimized with the Yoast SEO plugin v27.5 - https:\/\/yoast.com\/product\/yoast-seo-wordpress\/ -->\n<title>Les desserts - Le Van Gogh<\/title>\n<meta name=\"robots\" content=\"index, follow, max-snippet:-1, max-image-preview:large, max-video-preview:-1\" \/>\n<link rel=\"canonical\" href=\"https:\/\/levangogh.fr\/?page_id=161\" \/>\n<meta property=\"og:locale\" content=\"fr_FR\" \/>\n<meta property=\"og:type\" content=\"article\" \/>\n<meta property=\"og:title\" content=\"Les desserts - Le Van Gogh\" \/>\n<meta property=\"og:url\" content=\"https:\/\/levangogh.fr\/?page_id=161\" \/>\n<meta property=\"og:site_name\" content=\"Le Van Gogh\" \/>\n<meta property=\"article:modified_time\" content=\"2022-06-18T20:37:00+00:00\" \/>\n<meta name=\"twitter:label1\" content=\"Dur\u00e9e de lecture estim\u00e9e\" \/>\n\t<meta name=\"twitter:data1\" content=\"1 minute\" \/>\n<script type=\"application\/ld+json\" class=\"yoast-schema-graph\">{\"@context\":\"https:\\\/\\\/schema.org\",\"@graph\":[{\"@type\":\"WebPage\",\"@id\":\"https:\\\/\\\/levangogh.fr\\\/?page_id=161\",\"url\":\"https:\\\/\\\/levangogh.fr\\\/?page_id=161\",\"name\":\"Les desserts - Le Van Gogh\",\"isPartOf\":{\"@id\":\"https:\\\/\\\/levangogh.fr\\\/#website\"},\"datePublished\":\"2022-06-18T20:28:07+00:00\",\"dateModified\":\"2022-06-18T20:37:00+00:00\",\"inLanguage\":\"fr-FR\",\"potentialAction\":[{\"@type\":\"ReadAction\",\"target\":[\"https:\\\/\\\/levangogh.fr\\\/?page_id=161\"]}]},{\"@type\":\"WebSite\",\"@id\":\"https:\\\/\\\/levangogh.fr\\\/#website\",\"url\":\"https:\\\/\\\/levangogh.fr\\\/\",\"name\":\"Le Van Gogh\",\"description\":\"Le Van Gogh\",\"potentialAction\":[{\"@type\":\"SearchAction\",\"target\":{\"@type\":\"EntryPoint\",\"urlTemplate\":\"https:\\\/\\\/levangogh.fr\\\/?s={search_term_string}\"},\"query-input\":{\"@type\":\"PropertyValueSpecification\",\"valueRequired\":true,\"valueName\":\"search_term_string\"}}],\"inLanguage\":\"fr-FR\"}]}<\/script>\n<!-- \/ Yoast SEO plugin. -->","yoast_head_json":{"title":"Les desserts - Le Van Gogh","robots":{"index":"index","follow":"follow","max-snippet":"max-snippet:-1","max-image-preview":"max-image-preview:large","max-video-preview":"max-video-preview:-1"},"canonical":"https:\/\/levangogh.fr\/?page_id=161","og_locale":"fr_FR","og_type":"article","og_title":"Les desserts - Le Van Gogh","og_url":"https:\/\/levangogh.fr\/?page_id=161","og_site_name":"Le Van Gogh","article_modified_time":"2022-06-18T20:37:00+00:00","twitter_misc":{"Dur\u00e9e de lecture estim\u00e9e":"1 minute"},"schema":{"@context":"https:\/\/schema.org","@graph":[{"@type":"WebPage","@id":"https:\/\/levangogh.fr\/?page_id=161","url":"https:\/\/levangogh.fr\/?page_id=161","name":"Les desserts - Le Van Gogh","isPartOf":{"@id":"https:\/\/levangogh.fr\/#website"},"datePublished":"2022-06-18T20:28:07+00:00","dateModified":"2022-06-18T20:37:00+00:00","inLanguage":"fr-FR","potentialAction":[{"@type":"ReadAction","target":["https:\/\/levangogh.fr\/?page_id=161"]}]},{"@type":"WebSite","@id":"https:\/\/levangogh.fr\/#website","url":"https:\/\/levangogh.fr\/","name":"Le Van Gogh","description":"Le Van Gogh","potentialAction":[{"@type":"SearchAction","target":{"@type":"EntryPoint","urlTemplate":"https:\/\/levangogh.fr\/?s={search_term_string}"},"query-input":{"@type":"PropertyValueSpecification","valueRequired":true,"valueName":"search_term_string"}}],"inLanguage":"fr-FR"}]}},"_links":{"self":[{"href":"https:\/\/levangogh.fr\/index.php?rest_route=\/wp\/v2\/pages\/161","targetHints":{"allow":["GET"]}}],"collection":[{"href":"https:\/\/levangogh.fr\/index.php?rest_route=\/wp\/v2\/pages"}],"about":[{"href":"https:\/\/levangogh.fr\/index.php?rest_route=\/wp\/v2\/types\/page"}],"author":[{"embeddable":true,"href":"https:\/\/levangogh.fr\/index.php?rest_route=\/wp\/v2\/users\/1"}],"replies":[{"embeddable":true,"href":"https:\/\/levangogh.fr\/index.php?rest_route=%2Fwp%2Fv2%2Fcomments&post=161"}],"version-history":[{"count":0,"href":"https:\/\/levangogh.fr\/index.php?rest_route=\/wp\/v2\/pages\/161\/revisions"}],"wp:attachment":[{"href":"https:\/\/levangogh.fr\/index.php?rest_route=%2Fwp%2Fv2%2Fmedia&parent=161"}],"curies":[{"name":"wp","href":"https:\/\/api.w.org\/{rel}","templated":true}]}}