{"id":172,"date":"2022-06-18T21:38:43","date_gmt":"2022-06-18T20:38:43","guid":{"rendered":"https:\/\/levangogh.fr\/?page_id=172"},"modified":"2022-06-18T21:48:28","modified_gmt":"2022-06-18T20:48:28","slug":"les-boissons","status":"publish","type":"page","link":"https:\/\/levangogh.fr\/?page_id=172","title":{"rendered":"Les Boissons"},"content":{"rendered":"\n<div class=\"wp-block-columns is-layout-flex wp-container-core-columns-is-layout-9d6595d7 wp-block-columns-is-layout-flex\">\n<div class=\"wp-block-column is-layout-flow wp-block-column-is-layout-flow\">\n<table id=\"tablepress-11\" class=\"tablepress tablepress-id-11\">\n<tbody>\n<tr class=\"row-1\">\n\t<td class=\"column-1\">LES BOISSONS FRAICHES <\/td><td class=\"column-2\"><\/td>\n<\/tr>\n<tr class=\"row-2\">\n\t<td class=\"column-1\">Coca-Cola 33cl <br \/>\nCoca-Cola Z\u00e9ro <\/td><td class=\"column-2\">3.50\u20ac<\/td>\n<\/tr>\n<tr class=\"row-3\">\n\t<td class=\"column-1\">Coca-Cola cherry 33cl<\/td><td class=\"column-2\">3.50\u20ac<\/td>\n<\/tr>\n<tr class=\"row-4\">\n\t<td class=\"column-1\">Fanta orange 33cl <br \/>\nSprite 33cl<\/td><td class=\"column-2\">3.50\u20ac<\/td>\n<\/tr>\n<tr class=\"row-5\">\n\t<td class=\"column-1\">Fuzetea p\u00eache 25cl<\/td><td class=\"column-2\">3.50\u20ac<\/td>\n<\/tr>\n<tr class=\"row-6\">\n\t<td class=\"column-1\">Tropico 25cl<\/td><td class=\"column-2\">3.30\u20ac<\/td>\n<\/tr>\n<tr class=\"row-7\">\n\t<td class=\"column-1\">Perrier<\/td><td class=\"column-2\">3.50\u20ac<\/td>\n<\/tr>\n<tr class=\"row-8\">\n\t<td class=\"column-1\">Orangina <br \/>\nIce Tea<\/td><td class=\"column-2\">3.50\u20ac<\/td>\n<\/tr>\n<tr class=\"row-9\">\n\t<td class=\"column-1\">Schweppes Tonic, <br \/>\nAgrum', Lemon<\/td><td class=\"column-2\">3.50\u20ac<\/td>\n<\/tr>\n<tr class=\"row-10\">\n\t<td class=\"column-1\">Limonade<br \/>\nDiabolo<\/td><td class=\"column-2\">3.50\u20ac<\/td>\n<\/tr>\n<tr class=\"row-11\">\n\t<td class=\"column-1\">Sirop \u00e0 l'eau<\/td><td class=\"column-2\">2.50\u20ac<\/td>\n<\/tr>\n<tr class=\"row-12\">\n\t<td class=\"column-1\">Jus d e fruits<br \/>\n<\/td><td class=\"column-2\">3.30\u20ac<\/td>\n<\/tr>\n<tr class=\"row-13\">\n\t<td class=\"column-1\">orange \/ ananas \/ multifruits \/ pomme \/ tomate<\/td><td class=\"column-2\"><\/td>\n<\/tr>\n<tr class=\"row-14\">\n\t<td class=\"column-1\">Fruits press\u00e9s <br \/>\nOrange ou Citron<\/td><td class=\"column-2\">5.50\u20ac<\/td>\n<\/tr>\n<tr class=\"row-15\">\n\t<td class=\"column-1\">LES BOISSONS CHAUDES<\/td><td class=\"column-2\"><\/td>\n<\/tr>\n<tr class=\"row-16\">\n\t<td class=\"column-1\">Caf\u00e9<\/td><td class=\"column-2\">1.70\u20ac<\/td>\n<\/tr>\n<tr class=\"row-17\">\n\t<td class=\"column-1\">D\u00e9caf\u00e9in\u00e9<\/td><td class=\"column-2\">2\u20ac<\/td>\n<\/tr>\n<tr class=\"row-18\">\n\t<td class=\"column-1\">Caf\u00e9 allong\u00e9<\/td><td class=\"column-2\">1.90\u20ac<\/td>\n<\/tr>\n<tr class=\"row-19\">\n\t<td class=\"column-1\">Double caf\u00e9<\/td><td class=\"column-2\">3.20\u20ac<\/td>\n<\/tr>\n<tr class=\"row-20\">\n\t<td class=\"column-1\">Grand d\u00e9caf\u00e9in\u00e9<\/td><td class=\"column-2\">3,40\u20ac<\/td>\n<\/tr>\n<tr class=\"row-21\">\n\t<td class=\"column-1\">Th\u00e9 \/ Infusion<\/td><td class=\"column-2\">3.20\u20ac<\/td>\n<\/tr>\n<tr class=\"row-22\">\n\t<td class=\"column-1\">Petit chocolat<\/td><td class=\"column-2\">2,60\u20ac<\/td>\n<\/tr>\n<tr class=\"row-23\">\n\t<td class=\"column-1\">Grand chocolat<\/td><td class=\"column-2\">3.40\u20ac<\/td>\n<\/tr>\n<tr class=\"row-24\">\n\t<td class=\"column-1\">Chocolat Viennois<\/td><td class=\"column-2\">3.90\u20ac<\/td>\n<\/tr>\n<tr class=\"row-25\">\n\t<td class=\"column-1\">Cappuccino<\/td><td class=\"column-2\">3.90\u20ac<\/td>\n<\/tr>\n<tr class=\"row-26\">\n\t<td class=\"column-1\">LES EAUX<\/td><td class=\"column-2\"><\/td>\n<\/tr>\n<tr class=\"row-27\">\n\t<td class=\"column-1\">San Pellegrino \/ Evian 50cl  <\/td><td class=\"column-2\">4,80\u20ac <\/td>\n<\/tr>\n<tr class=\"row-28\">\n\t<td class=\"column-1\">San Pellegrino \/ Evian 1 litre<\/td><td class=\"column-2\">6.50\u20ac<\/td>\n<\/tr>\n<tr class=\"row-29\">\n\t<td class=\"column-1\">LES APERITIFS<\/td><td class=\"column-2\"><\/td>\n<\/tr>\n<tr class=\"row-30\">\n\t<td class=\"column-1\">Ricard \/ Pastis 2cl<\/td><td class=\"column-2\">3.20\u20ac<\/td>\n<\/tr>\n<tr class=\"row-31\">\n\t<td class=\"column-1\">Martini Rosso \/ Bianco 4cl<\/td><td class=\"column-2\">3.20\u20ac<\/td>\n<\/tr>\n<tr class=\"row-32\">\n\t<td class=\"column-1\">Suze 4cl<\/td><td class=\"column-2\">3.20\u20ac<\/td>\n<\/tr>\n<tr class=\"row-33\">\n\t<td class=\"column-1\">Porto Rouge \/ Blanc 4cl<\/td><td class=\"column-2\">3.50\u20ac<\/td>\n<\/tr>\n<tr class=\"row-34\">\n\t<td class=\"column-1\">Get 27 4cl<\/td><td class=\"column-2\">3.80\u20ac<\/td>\n<\/tr>\n<tr class=\"row-35\">\n\t<td class=\"column-1\">Gin 4cl<\/td><td class=\"column-2\">4,50\u20ac<\/td>\n<\/tr>\n<tr class=\"row-36\">\n\t<td class=\"column-1\">Malibu 4cl<\/td><td class=\"column-2\">4,50\u20ac<\/td>\n<\/tr>\n<tr class=\"row-37\">\n\t<td class=\"column-1\">Kir 4cl <\/td><td class=\"column-2\">4.00\u20ac<\/td>\n<\/tr>\n<tr class=\"row-38\">\n\t<td class=\"column-1\">Vodka Limonade 4cl<\/td><td class=\"column-2\">5,50\u20ac<\/td>\n<\/tr>\n<tr class=\"row-39\">\n\t<td class=\"column-1\">Campari 4cl<\/td><td class=\"column-2\">3.50\u20ac<\/td>\n<\/tr>\n<tr class=\"row-40\">\n\t<td class=\"column-1\">Alcool + soda 4cl<br \/>\nEx: Gin Coca, Baby Coca <\/td><td class=\"column-2\">5,50\u20ac<\/td>\n<\/tr>\n<tr class=\"row-41\">\n\t<td class=\"column-1\">LES DIGESTIFS <\/td><td class=\"column-2\"><\/td>\n<\/tr>\n<tr class=\"row-42\">\n\t<td class=\"column-1\">Manzana \/ Patxaran 4cl<\/td><td class=\"column-2\">5.50\u20ac<\/td>\n<\/tr>\n<tr class=\"row-43\">\n\t<td class=\"column-1\">Cognac \/ Calvados 4cl<\/td><td class=\"column-2\">5.50\u20ac<\/td>\n<\/tr>\n<tr class=\"row-44\">\n\t<td class=\"column-1\">Fraise des bois 4cl<br \/>\nCointreau 4cl<\/td><td class=\"column-2\">5.50\u20ac<\/td>\n<\/tr>\n<tr class=\"row-45\">\n\t<td class=\"column-1\">Izarra 4cl<br \/>\nArmagnac 4cl<\/td><td class=\"column-2\">5.50\u20ac<\/td>\n<\/tr>\n<tr class=\"row-46\">\n\t<td class=\"column-1\">Poire William 4cl <\/td><td class=\"column-2\">5.50\u20ac<\/td>\n<\/tr>\n<tr class=\"row-47\">\n\t<td class=\"column-1\">Baileys 4cl<br \/>\nMarie-Brizard 4cl <\/td><td class=\"column-2\">5.50\u20ac<\/td>\n<\/tr>\n<tr class=\"row-48\">\n\t<td class=\"column-1\">Diplomatico 4cl<br \/>\nChivas 4cl<\/td><td class=\"column-2\">7\u20ac<\/td>\n<\/tr>\n<tr class=\"row-49\">\n\t<td class=\"column-1\"><\/td><td class=\"column-2\"><\/td>\n<\/tr>\n<tr class=\"row-50\">\n\t<td class=\"column-1\">LES COCKTAILS <\/td><td class=\"column-2\"><\/td>\n<\/tr>\n<tr class=\"row-51\">\n\t<td class=\"column-1\">Spritz Ap\u00e9rol <br \/>\n2cl Ap\u00e9rol,<br \/>\n2cl Campari,<br \/>\n4cl vin blanc<\/td><td class=\"column-2\">8.50\u20ac<\/td>\n<\/tr>\n<tr class=\"row-52\">\n\t<td class=\"column-1\">Spritz limoncello<\/td><td class=\"column-2\">8.50\u20ac<\/td>\n<\/tr>\n<tr class=\"row-53\">\n\t<td class=\"column-1\">Am\u00e9ricano Maison <br \/>\n2cl Martini rouge, <br \/>\n2cl Campari, <br \/>\n4cl Ap\u00e9roIM<\/td><td class=\"column-2\">8\u20ac<\/td>\n<\/tr>\n<tr class=\"row-54\">\n\t<td class=\"column-1\">Mojito 6cl Rhum, <br \/>\nsucre, citron vert, <br \/>\nlimonade, Angostura, <br \/>\nmenthe fra\u00eeche<\/td><td class=\"column-2\">10\u20ac<\/td>\n<\/tr>\n<tr class=\"row-55\">\n\t<td class=\"column-1\">Mojito Basque 6cl d'Izarra, <br \/>\nsucre, citron vert, <br \/>\nlimonade, Angostura, <br \/>\nmenthe fra\u00eeche<\/td><td class=\"column-2\">10\u20ac<\/td>\n<\/tr>\n<tr class=\"row-56\">\n\t<td class=\"column-1\">Mojito Red Bull 6cl de Rhum, <br \/>\nsucre, menthe fra\u00eeche, <br \/>\ncitron vert, Red Bull<\/td><td class=\"column-2\">9\u20ac<\/td>\n<\/tr>\n<tr class=\"row-57\">\n\t<td class=\"column-1\">Le Sans Alcool jus d'ananas,<br \/>\n jus d'orange, passion, <br \/>\ngrenadine<\/td><td class=\"column-2\">8\u20ac<\/td>\n<\/tr>\n<tr class=\"row-58\">\n\t<td class=\"column-1\">Margarita <br \/>\nCitron vert, <br \/>\ntequila, <br \/>\ntriple sec<\/td><td class=\"column-2\">9\u20ac<\/td>\n<\/tr>\n<\/tbody>\n<\/table>\n<!-- #tablepress-11 from cache -->\n<\/div>\n<\/div>\n","protected":false},"excerpt":{"rendered":"","protected":false},"author":1,"featured_media":0,"parent":0,"menu_order":0,"comment_status":"closed","ping_status":"closed","template":"","meta":{"footnotes":""},"class_list":["post-172","page","type-page","status-publish"],"yoast_head":"<!-- This site is optimized with the Yoast SEO plugin v27.5 - https:\/\/yoast.com\/product\/yoast-seo-wordpress\/ -->\n<title>Les Boissons - Le Van Gogh<\/title>\n<meta name=\"robots\" content=\"index, follow, max-snippet:-1, max-image-preview:large, max-video-preview:-1\" \/>\n<link rel=\"canonical\" href=\"https:\/\/levangogh.fr\/?page_id=172\" \/>\n<meta property=\"og:locale\" content=\"fr_FR\" \/>\n<meta property=\"og:type\" content=\"article\" \/>\n<meta property=\"og:title\" content=\"Les Boissons - Le Van Gogh\" \/>\n<meta property=\"og:url\" content=\"https:\/\/levangogh.fr\/?page_id=172\" \/>\n<meta property=\"og:site_name\" content=\"Le Van Gogh\" \/>\n<meta property=\"article:modified_time\" content=\"2022-06-18T20:48:28+00:00\" \/>\n<meta name=\"twitter:label1\" content=\"Dur\u00e9e de lecture estim\u00e9e\" \/>\n\t<meta name=\"twitter:data1\" content=\"1 minute\" \/>\n<script type=\"application\/ld+json\" class=\"yoast-schema-graph\">{\"@context\":\"https:\\\/\\\/schema.org\",\"@graph\":[{\"@type\":\"WebPage\",\"@id\":\"https:\\\/\\\/levangogh.fr\\\/?page_id=172\",\"url\":\"https:\\\/\\\/levangogh.fr\\\/?page_id=172\",\"name\":\"Les Boissons - Le Van Gogh\",\"isPartOf\":{\"@id\":\"https:\\\/\\\/levangogh.fr\\\/#website\"},\"datePublished\":\"2022-06-18T20:38:43+00:00\",\"dateModified\":\"2022-06-18T20:48:28+00:00\",\"inLanguage\":\"fr-FR\",\"potentialAction\":[{\"@type\":\"ReadAction\",\"target\":[\"https:\\\/\\\/levangogh.fr\\\/?page_id=172\"]}]},{\"@type\":\"WebSite\",\"@id\":\"https:\\\/\\\/levangogh.fr\\\/#website\",\"url\":\"https:\\\/\\\/levangogh.fr\\\/\",\"name\":\"Le Van Gogh\",\"description\":\"Le Van Gogh\",\"potentialAction\":[{\"@type\":\"SearchAction\",\"target\":{\"@type\":\"EntryPoint\",\"urlTemplate\":\"https:\\\/\\\/levangogh.fr\\\/?s={search_term_string}\"},\"query-input\":{\"@type\":\"PropertyValueSpecification\",\"valueRequired\":true,\"valueName\":\"search_term_string\"}}],\"inLanguage\":\"fr-FR\"}]}<\/script>\n<!-- \/ Yoast SEO plugin. -->","yoast_head_json":{"title":"Les Boissons - Le Van Gogh","robots":{"index":"index","follow":"follow","max-snippet":"max-snippet:-1","max-image-preview":"max-image-preview:large","max-video-preview":"max-video-preview:-1"},"canonical":"https:\/\/levangogh.fr\/?page_id=172","og_locale":"fr_FR","og_type":"article","og_title":"Les Boissons - Le Van Gogh","og_url":"https:\/\/levangogh.fr\/?page_id=172","og_site_name":"Le Van Gogh","article_modified_time":"2022-06-18T20:48:28+00:00","twitter_misc":{"Dur\u00e9e de lecture estim\u00e9e":"1 minute"},"schema":{"@context":"https:\/\/schema.org","@graph":[{"@type":"WebPage","@id":"https:\/\/levangogh.fr\/?page_id=172","url":"https:\/\/levangogh.fr\/?page_id=172","name":"Les Boissons - Le Van Gogh","isPartOf":{"@id":"https:\/\/levangogh.fr\/#website"},"datePublished":"2022-06-18T20:38:43+00:00","dateModified":"2022-06-18T20:48:28+00:00","inLanguage":"fr-FR","potentialAction":[{"@type":"ReadAction","target":["https:\/\/levangogh.fr\/?page_id=172"]}]},{"@type":"WebSite","@id":"https:\/\/levangogh.fr\/#website","url":"https:\/\/levangogh.fr\/","name":"Le Van Gogh","description":"Le Van Gogh","potentialAction":[{"@type":"SearchAction","target":{"@type":"EntryPoint","urlTemplate":"https:\/\/levangogh.fr\/?s={search_term_string}"},"query-input":{"@type":"PropertyValueSpecification","valueRequired":true,"valueName":"search_term_string"}}],"inLanguage":"fr-FR"}]}},"_links":{"self":[{"href":"https:\/\/levangogh.fr\/index.php?rest_route=\/wp\/v2\/pages\/172","targetHints":{"allow":["GET"]}}],"collection":[{"href":"https:\/\/levangogh.fr\/index.php?rest_route=\/wp\/v2\/pages"}],"about":[{"href":"https:\/\/levangogh.fr\/index.php?rest_route=\/wp\/v2\/types\/page"}],"author":[{"embeddable":true,"href":"https:\/\/levangogh.fr\/index.php?rest_route=\/wp\/v2\/users\/1"}],"replies":[{"embeddable":true,"href":"https:\/\/levangogh.fr\/index.php?rest_route=%2Fwp%2Fv2%2Fcomments&post=172"}],"version-history":[{"count":0,"href":"https:\/\/levangogh.fr\/index.php?rest_route=\/wp\/v2\/pages\/172\/revisions"}],"wp:attachment":[{"href":"https:\/\/levangogh.fr\/index.php?rest_route=%2Fwp%2Fv2%2Fmedia&parent=172"}],"curies":[{"name":"wp","href":"https:\/\/api.w.org\/{rel}","templated":true}]}}