{"id":184,"date":"2022-06-18T21:58:20","date_gmt":"2022-06-18T20:58:20","guid":{"rendered":"https:\/\/levangogh.fr\/?page_id=184"},"modified":"2022-06-18T22:05:35","modified_gmt":"2022-06-18T21:05:35","slug":"les-bieres","status":"publish","type":"page","link":"https:\/\/levangogh.fr\/?page_id=184","title":{"rendered":"Les Bi\u00e8res"},"content":{"rendered":"\n<div class=\"wp-block-columns is-layout-flex wp-container-core-columns-is-layout-9d6595d7 wp-block-columns-is-layout-flex\">\n<div class=\"wp-block-column is-layout-flow wp-block-column-is-layout-flow\">\n<table id=\"tablepress-12\" class=\"tablepress tablepress-id-12\">\n<tbody>\n<tr class=\"row-1\">\n\t<td class=\"column-1\">LES BIERES PRESSION<\/td><td class=\"column-2\">25cl<\/td><td class=\"column-3\">50cl<\/td><td class=\"column-4\">100cl<\/td>\n<\/tr>\n<tr class=\"row-2\">\n\t<td class=\"column-1\">Affligem Blonde (6,7\u00b0)<\/td><td class=\"column-2\">4.70\u20ac<\/td><td class=\"column-3\">8.00\u20ac<\/td><td class=\"column-4\">14,50\u20ac<\/td>\n<\/tr>\n<tr class=\"row-3\">\n\t<td class=\"column-1\">Bi\u00e8re blonde d'abbaye, <br \/>\nau blond soutenu <br \/>\nl\u00e9g\u00e8rement ambr\u00e9, <br \/>\nau go\u00fbt fruit\u00e9,<br \/>\n\u00e9quilibr\u00e9 offrant une<br \/>\n v\u00e9ritable richesse <br \/>\naromatique.<br \/>\n<\/td><td class=\"column-2\"><\/td><td class=\"column-3\"><\/td><td class=\"column-4\"><\/td>\n<\/tr>\n<tr class=\"row-4\">\n\t<td class=\"column-1\">Affligem Ambr\u00e9e (6,7\u00b0)\t<\/td><td class=\"column-2\">4.90\u20ac<\/td><td class=\"column-3\">8.70\u20ac<\/td><td class=\"column-4\">15.50\u20ac<\/td>\n<\/tr>\n<tr class=\"row-5\">\n\t<td class=\"column-1\">Bi\u00e8re belge d'abbaye <br \/>\n\u00e0 la d\u00e9licate amertume. <br \/>\nNote d'\u00e9pices et biscuit <br \/>\ncaramal gr\u00e2ce \u00e0 l'alliance <br \/>\ndes ses malts<\/td><td class=\"column-2\"><\/td><td class=\"column-3\"><\/td><td class=\"column-4\"><\/td>\n<\/tr>\n<tr class=\"row-6\">\n\t<td class=\"column-1\">Affligem Fruits Rouges (5,2\u00b0) <\/td><td class=\"column-2\">4.90\u20ac<\/td><td class=\"column-3\">8.70\u20ac<\/td><td class=\"column-4\">15.50\u20ac<\/td>\n<\/tr>\n<tr class=\"row-7\">\n\t<td class=\"column-1\">Ar\u00f4mes torr\u00e9fi\u00e9s - <br \/>\nNotes d\u00e9licates de caf\u00e9 <br \/>\net des chocolat <\/td><td class=\"column-2\"><\/td><td class=\"column-3\"><\/td><td class=\"column-4\"><\/td>\n<\/tr>\n<tr class=\"row-8\">\n\t<td class=\"column-1\">Affligem Tripel (8,5\u00b0)<\/td><td class=\"column-2\">4.90\u20ac<\/td><td class=\"column-3\">8.70\u20ac<\/td><td class=\"column-4\">15.50\u20ac<\/td>\n<\/tr>\n<tr class=\"row-9\">\n\t<td class=\"column-1\">Bi\u00e8re Tripel de tradition<br \/>\n aux saveurs de fruits confits.<br \/>\n Note d'amertume et pointe <br \/>\nd'acidit\u00e9 s'alliant \u00e0 merveille <br \/>\npour d\u00e9voiler g\u00e9n\u00e9rosit\u00e9 <br \/>\net ar\u00f4mes.<\/td><td class=\"column-2\"><\/td><td class=\"column-3\"><\/td><td class=\"column-4\"><\/td>\n<\/tr>\n<tr class=\"row-10\">\n\t<td class=\"column-1\">Pelforth<\/td><td class=\"column-2\">3.00\u20ac<\/td><td class=\"column-3\">5.70\u20ac<\/td><td class=\"column-4\">10,40\u20ac<\/td>\n<\/tr>\n<tr class=\"row-11\">\n\t<td class=\"column-1\">Heineken<\/td><td class=\"column-2\">4,90\u20ac<\/td><td class=\"column-3\">8,70\u20ac<\/td><td class=\"column-4\">15,50\u20ac<\/td>\n<\/tr>\n<tr class=\"row-12\">\n\t<td class=\"column-1\">Girafe 2.5L Pelforth blonde<\/td><td class=\"column-2\"><\/td><td class=\"column-3\"><\/td><td class=\"column-4\">28\u20ac<\/td>\n<\/tr>\n<tr class=\"row-13\">\n\t<td class=\"column-1\">Girafe 3L Affligem blonde<\/td><td class=\"column-2\"><\/td><td class=\"column-3\"><\/td><td class=\"column-4\">38\u20ac<\/td>\n<\/tr>\n<tr class=\"row-14\">\n\t<td class=\"column-1\">Girafe 3L Affligem<br \/>\nau choix<br \/>\nAmbr\u00e9e \/ Triple \/ Blanche \/ Rouge<\/td><td class=\"column-2\"><\/td><td class=\"column-3\"><\/td><td class=\"column-4\">40\u20ac<\/td>\n<\/tr>\n<tr class=\"row-15\">\n\t<td class=\"column-1\"><\/td><td class=\"column-2\"><\/td><td class=\"column-3\"><\/td><td class=\"column-4\"><\/td>\n<\/tr>\n<tr class=\"row-16\">\n\t<td class=\"column-1\">LES BIERES BOUTEILLE<\/td><td class=\"column-2\">33cl<\/td><td class=\"column-3\"><\/td><td class=\"column-4\"><\/td>\n<\/tr>\n<tr class=\"row-17\">\n\t<td class=\"column-1\">Desperados<\/td><td class=\"column-2\">6\u20ac<\/td><td class=\"column-3\"><\/td><td class=\"column-4\"><\/td>\n<\/tr>\n<tr class=\"row-18\">\n\t<td class=\"column-1\">(5,9\u00b0) Reconnaissable par sa bouteille iconique et sa couleur jaune<br \/>\nsolaire, elle a un go\u00fbt puissant mais accessible, marqu\u00e9 par des saveurs<br \/>\ncitronn\u00e9es et relev\u00e9 par des notes \u00e9pic\u00e9es.<\/td><td class=\"column-2\"><\/td><td class=\"column-3\"><\/td><td class=\"column-4\"><\/td>\n<\/tr>\n<tr class=\"row-19\">\n\t<td class=\"column-1\"><\/td><td class=\"column-2\"><\/td><td class=\"column-3\"><\/td><td class=\"column-4\"><\/td>\n<\/tr>\n<tr class=\"row-20\">\n\t<td class=\"column-1\">Lagunitas IPA 35,5cl<\/td><td class=\"column-2\">6\u20ac<\/td><td class=\"column-3\"><\/td><td class=\"column-4\"><\/td>\n<\/tr>\n<tr class=\"row-21\">\n\t<td class=\"column-1\"><\/td><td class=\"column-2\"><\/td><td class=\"column-3\"><\/td><td class=\"column-4\"><\/td>\n<\/tr>\n<tr class=\"row-22\">\n\t<td class=\"column-1\">Heineken 0.0 (Sans alcool)<\/td><td class=\"column-2\">4.50\u20ac<\/td><td class=\"column-3\"><\/td><td class=\"column-4\"><\/td>\n<\/tr>\n<tr class=\"row-23\">\n\t<td class=\"column-1\">\u00e0 Heineken, et des ingr\u00e9dients 100% d\u2019origine naturelle pour une bi\u00e8re<br \/>\nblonde rafra\u00eechissante aux notes fruit\u00e9es et au corps malt\u00e9.<\/td><td class=\"column-2\"><\/td><td class=\"column-3\"><\/td><td class=\"column-4\"><\/td>\n<\/tr>\n<tr class=\"row-24\">\n\t<td class=\"column-1\"><\/td><td class=\"column-2\"><\/td><td class=\"column-3\"><\/td><td class=\"column-4\"><\/td>\n<\/tr>\n<tr class=\"row-25\">\n\t<td class=\"column-1\">Corona<\/td><td class=\"column-2\">6\u20ac<\/td><td class=\"column-3\"><\/td><td class=\"column-4\"><\/td>\n<\/tr>\n<tr class=\"row-26\">\n\t<td class=\"column-1\">Kwak<\/td><td class=\"column-2\">6\u20ac<\/td><td class=\"column-3\"><\/td><td class=\"column-4\"><\/td>\n<\/tr>\n<\/tbody>\n<\/table>\n<!-- #tablepress-12 from cache -->\n<\/div>\n<\/div>\n","protected":false},"excerpt":{"rendered":"","protected":false},"author":1,"featured_media":0,"parent":0,"menu_order":0,"comment_status":"closed","ping_status":"closed","template":"","meta":{"footnotes":""},"class_list":["post-184","page","type-page","status-publish"],"yoast_head":"<!-- This site is optimized with the Yoast SEO plugin v27.5 - https:\/\/yoast.com\/product\/yoast-seo-wordpress\/ -->\n<title>Les Bi\u00e8res - Le Van Gogh<\/title>\n<meta name=\"robots\" content=\"index, follow, max-snippet:-1, max-image-preview:large, max-video-preview:-1\" \/>\n<link rel=\"canonical\" href=\"https:\/\/levangogh.fr\/?page_id=184\" \/>\n<meta property=\"og:locale\" content=\"fr_FR\" \/>\n<meta property=\"og:type\" content=\"article\" \/>\n<meta property=\"og:title\" content=\"Les Bi\u00e8res - Le Van Gogh\" \/>\n<meta property=\"og:url\" content=\"https:\/\/levangogh.fr\/?page_id=184\" \/>\n<meta property=\"og:site_name\" content=\"Le Van Gogh\" \/>\n<meta property=\"article:modified_time\" content=\"2022-06-18T21:05:35+00:00\" \/>\n<meta name=\"twitter:label1\" content=\"Dur\u00e9e de lecture estim\u00e9e\" \/>\n\t<meta name=\"twitter:data1\" content=\"1 minute\" \/>\n<script type=\"application\/ld+json\" class=\"yoast-schema-graph\">{\"@context\":\"https:\\\/\\\/schema.org\",\"@graph\":[{\"@type\":\"WebPage\",\"@id\":\"https:\\\/\\\/levangogh.fr\\\/?page_id=184\",\"url\":\"https:\\\/\\\/levangogh.fr\\\/?page_id=184\",\"name\":\"Les Bi\u00e8res - Le Van Gogh\",\"isPartOf\":{\"@id\":\"https:\\\/\\\/levangogh.fr\\\/#website\"},\"datePublished\":\"2022-06-18T20:58:20+00:00\",\"dateModified\":\"2022-06-18T21:05:35+00:00\",\"inLanguage\":\"fr-FR\",\"potentialAction\":[{\"@type\":\"ReadAction\",\"target\":[\"https:\\\/\\\/levangogh.fr\\\/?page_id=184\"]}]},{\"@type\":\"WebSite\",\"@id\":\"https:\\\/\\\/levangogh.fr\\\/#website\",\"url\":\"https:\\\/\\\/levangogh.fr\\\/\",\"name\":\"Le Van Gogh\",\"description\":\"Le Van Gogh\",\"potentialAction\":[{\"@type\":\"SearchAction\",\"target\":{\"@type\":\"EntryPoint\",\"urlTemplate\":\"https:\\\/\\\/levangogh.fr\\\/?s={search_term_string}\"},\"query-input\":{\"@type\":\"PropertyValueSpecification\",\"valueRequired\":true,\"valueName\":\"search_term_string\"}}],\"inLanguage\":\"fr-FR\"}]}<\/script>\n<!-- \/ Yoast SEO plugin. -->","yoast_head_json":{"title":"Les Bi\u00e8res - Le Van Gogh","robots":{"index":"index","follow":"follow","max-snippet":"max-snippet:-1","max-image-preview":"max-image-preview:large","max-video-preview":"max-video-preview:-1"},"canonical":"https:\/\/levangogh.fr\/?page_id=184","og_locale":"fr_FR","og_type":"article","og_title":"Les Bi\u00e8res - Le Van Gogh","og_url":"https:\/\/levangogh.fr\/?page_id=184","og_site_name":"Le Van Gogh","article_modified_time":"2022-06-18T21:05:35+00:00","twitter_misc":{"Dur\u00e9e de lecture estim\u00e9e":"1 minute"},"schema":{"@context":"https:\/\/schema.org","@graph":[{"@type":"WebPage","@id":"https:\/\/levangogh.fr\/?page_id=184","url":"https:\/\/levangogh.fr\/?page_id=184","name":"Les Bi\u00e8res - Le Van Gogh","isPartOf":{"@id":"https:\/\/levangogh.fr\/#website"},"datePublished":"2022-06-18T20:58:20+00:00","dateModified":"2022-06-18T21:05:35+00:00","inLanguage":"fr-FR","potentialAction":[{"@type":"ReadAction","target":["https:\/\/levangogh.fr\/?page_id=184"]}]},{"@type":"WebSite","@id":"https:\/\/levangogh.fr\/#website","url":"https:\/\/levangogh.fr\/","name":"Le Van Gogh","description":"Le Van Gogh","potentialAction":[{"@type":"SearchAction","target":{"@type":"EntryPoint","urlTemplate":"https:\/\/levangogh.fr\/?s={search_term_string}"},"query-input":{"@type":"PropertyValueSpecification","valueRequired":true,"valueName":"search_term_string"}}],"inLanguage":"fr-FR"}]}},"_links":{"self":[{"href":"https:\/\/levangogh.fr\/index.php?rest_route=\/wp\/v2\/pages\/184","targetHints":{"allow":["GET"]}}],"collection":[{"href":"https:\/\/levangogh.fr\/index.php?rest_route=\/wp\/v2\/pages"}],"about":[{"href":"https:\/\/levangogh.fr\/index.php?rest_route=\/wp\/v2\/types\/page"}],"author":[{"embeddable":true,"href":"https:\/\/levangogh.fr\/index.php?rest_route=\/wp\/v2\/users\/1"}],"replies":[{"embeddable":true,"href":"https:\/\/levangogh.fr\/index.php?rest_route=%2Fwp%2Fv2%2Fcomments&post=184"}],"version-history":[{"count":0,"href":"https:\/\/levangogh.fr\/index.php?rest_route=\/wp\/v2\/pages\/184\/revisions"}],"wp:attachment":[{"href":"https:\/\/levangogh.fr\/index.php?rest_route=%2Fwp%2Fv2%2Fmedia&parent=184"}],"curies":[{"name":"wp","href":"https:\/\/api.w.org\/{rel}","templated":true}]}}