{"id":199,"date":"2022-06-18T22:27:12","date_gmt":"2022-06-18T21:27:12","guid":{"rendered":"https:\/\/levangogh.fr\/?page_id=199"},"modified":"2022-06-18T22:28:34","modified_gmt":"2022-06-18T21:28:34","slug":"about","status":"publish","type":"page","link":"https:\/\/levangogh.fr\/?page_id=199","title":{"rendered":"About"},"content":{"rendered":"\n<div class=\"wp-block-columns is-layout-flex wp-container-core-columns-is-layout-9d6595d7 wp-block-columns-is-layout-flex\">\n<div class=\"wp-block-column is-layout-flow wp-block-column-is-layout-flow\">\n<p>CE SITE N\u2019UTILISE PAS DE COOKIES<\/p>\n<p>Soci\u00e9t\u00e9 par actions simplifi\u00e9e<br \/>BRASSERIE LE VAN GOGH<br \/>RTE DE BARTRES 65100 LOURDES <br \/>Num\u00e9ro SIREN<br \/>835204009<br \/>Num\u00e9ro SIRET (si\u00e8ge)<br \/>83520400900012 <br \/>Num\u00e9ro TVA Intracommunautaire <br \/>FR92835204009 <br \/>Num\u00e9ro RCS Tarbes B 835 204 009<br \/>Activit\u00e9 (Code NAF ou APE)<br \/>D\u00e9bits de boissons (5630Z)<\/p>\n<p>HERBERGE PAR LWS<br \/>Ordimag<\/p>\n<\/div>\n<\/div>\n","protected":false},"excerpt":{"rendered":"<p>CE SITE N\u2019UTILISE PAS DE COOKIES Soci\u00e9t\u00e9 par actions simplifi\u00e9eBRASSERIE LE VAN GOGHRTE DE BARTRES 65100 LOURDES Num\u00e9ro SIREN835204009Num\u00e9ro SIRET (si\u00e8ge)83520400900012 Num\u00e9ro TVA Intracommunautaire FR92835204009 Num\u00e9ro RCS Tarbes B 835 204 009Activit\u00e9 (Code NAF ou APE)D\u00e9bits de boissons (5630Z) HERBERGE PAR LWSOrdimag<\/p>\n","protected":false},"author":1,"featured_media":0,"parent":0,"menu_order":0,"comment_status":"closed","ping_status":"closed","template":"","meta":{"footnotes":""},"class_list":["post-199","page","type-page","status-publish"],"yoast_head":"<!-- This site is optimized with the Yoast SEO plugin v27.5 - https:\/\/yoast.com\/product\/yoast-seo-wordpress\/ -->\n<title>About - Le Van Gogh<\/title>\n<meta name=\"robots\" content=\"index, follow, max-snippet:-1, max-image-preview:large, max-video-preview:-1\" \/>\n<link rel=\"canonical\" href=\"https:\/\/levangogh.fr\/?page_id=199\" \/>\n<meta property=\"og:locale\" content=\"fr_FR\" \/>\n<meta property=\"og:type\" content=\"article\" \/>\n<meta property=\"og:title\" content=\"About - Le Van Gogh\" \/>\n<meta property=\"og:description\" content=\"CE SITE N\u2019UTILISE PAS DE COOKIES Soci\u00e9t\u00e9 par actions simplifi\u00e9eBRASSERIE LE VAN GOGHRTE DE BARTRES 65100 LOURDES Num\u00e9ro SIREN835204009Num\u00e9ro SIRET (si\u00e8ge)83520400900012 Num\u00e9ro TVA Intracommunautaire FR92835204009 Num\u00e9ro RCS Tarbes B 835 204 009Activit\u00e9 (Code NAF ou APE)D\u00e9bits de boissons (5630Z) HERBERGE PAR LWSOrdimag\" \/>\n<meta property=\"og:url\" content=\"https:\/\/levangogh.fr\/?page_id=199\" \/>\n<meta property=\"og:site_name\" content=\"Le Van Gogh\" \/>\n<meta property=\"article:modified_time\" content=\"2022-06-18T21:28:34+00:00\" \/>\n<meta name=\"twitter:label1\" content=\"Dur\u00e9e de lecture estim\u00e9e\" \/>\n\t<meta name=\"twitter:data1\" content=\"1 minute\" \/>\n<script type=\"application\/ld+json\" class=\"yoast-schema-graph\">{\"@context\":\"https:\\\/\\\/schema.org\",\"@graph\":[{\"@type\":\"WebPage\",\"@id\":\"https:\\\/\\\/levangogh.fr\\\/?page_id=199\",\"url\":\"https:\\\/\\\/levangogh.fr\\\/?page_id=199\",\"name\":\"About - Le Van Gogh\",\"isPartOf\":{\"@id\":\"https:\\\/\\\/levangogh.fr\\\/#website\"},\"datePublished\":\"2022-06-18T21:27:12+00:00\",\"dateModified\":\"2022-06-18T21:28:34+00:00\",\"inLanguage\":\"fr-FR\",\"potentialAction\":[{\"@type\":\"ReadAction\",\"target\":[\"https:\\\/\\\/levangogh.fr\\\/?page_id=199\"]}]},{\"@type\":\"WebSite\",\"@id\":\"https:\\\/\\\/levangogh.fr\\\/#website\",\"url\":\"https:\\\/\\\/levangogh.fr\\\/\",\"name\":\"Le Van Gogh\",\"description\":\"Le Van Gogh\",\"potentialAction\":[{\"@type\":\"SearchAction\",\"target\":{\"@type\":\"EntryPoint\",\"urlTemplate\":\"https:\\\/\\\/levangogh.fr\\\/?s={search_term_string}\"},\"query-input\":{\"@type\":\"PropertyValueSpecification\",\"valueRequired\":true,\"valueName\":\"search_term_string\"}}],\"inLanguage\":\"fr-FR\"}]}<\/script>\n<!-- \/ Yoast SEO plugin. -->","yoast_head_json":{"title":"About - Le Van Gogh","robots":{"index":"index","follow":"follow","max-snippet":"max-snippet:-1","max-image-preview":"max-image-preview:large","max-video-preview":"max-video-preview:-1"},"canonical":"https:\/\/levangogh.fr\/?page_id=199","og_locale":"fr_FR","og_type":"article","og_title":"About - Le Van Gogh","og_description":"CE SITE N\u2019UTILISE PAS DE COOKIES Soci\u00e9t\u00e9 par actions simplifi\u00e9eBRASSERIE LE VAN GOGHRTE DE BARTRES 65100 LOURDES Num\u00e9ro SIREN835204009Num\u00e9ro SIRET (si\u00e8ge)83520400900012 Num\u00e9ro TVA Intracommunautaire FR92835204009 Num\u00e9ro RCS Tarbes B 835 204 009Activit\u00e9 (Code NAF ou APE)D\u00e9bits de boissons (5630Z) HERBERGE PAR LWSOrdimag","og_url":"https:\/\/levangogh.fr\/?page_id=199","og_site_name":"Le Van Gogh","article_modified_time":"2022-06-18T21:28:34+00:00","twitter_misc":{"Dur\u00e9e de lecture estim\u00e9e":"1 minute"},"schema":{"@context":"https:\/\/schema.org","@graph":[{"@type":"WebPage","@id":"https:\/\/levangogh.fr\/?page_id=199","url":"https:\/\/levangogh.fr\/?page_id=199","name":"About - Le Van Gogh","isPartOf":{"@id":"https:\/\/levangogh.fr\/#website"},"datePublished":"2022-06-18T21:27:12+00:00","dateModified":"2022-06-18T21:28:34+00:00","inLanguage":"fr-FR","potentialAction":[{"@type":"ReadAction","target":["https:\/\/levangogh.fr\/?page_id=199"]}]},{"@type":"WebSite","@id":"https:\/\/levangogh.fr\/#website","url":"https:\/\/levangogh.fr\/","name":"Le Van Gogh","description":"Le Van Gogh","potentialAction":[{"@type":"SearchAction","target":{"@type":"EntryPoint","urlTemplate":"https:\/\/levangogh.fr\/?s={search_term_string}"},"query-input":{"@type":"PropertyValueSpecification","valueRequired":true,"valueName":"search_term_string"}}],"inLanguage":"fr-FR"}]}},"_links":{"self":[{"href":"https:\/\/levangogh.fr\/index.php?rest_route=\/wp\/v2\/pages\/199","targetHints":{"allow":["GET"]}}],"collection":[{"href":"https:\/\/levangogh.fr\/index.php?rest_route=\/wp\/v2\/pages"}],"about":[{"href":"https:\/\/levangogh.fr\/index.php?rest_route=\/wp\/v2\/types\/page"}],"author":[{"embeddable":true,"href":"https:\/\/levangogh.fr\/index.php?rest_route=\/wp\/v2\/users\/1"}],"replies":[{"embeddable":true,"href":"https:\/\/levangogh.fr\/index.php?rest_route=%2Fwp%2Fv2%2Fcomments&post=199"}],"version-history":[{"count":0,"href":"https:\/\/levangogh.fr\/index.php?rest_route=\/wp\/v2\/pages\/199\/revisions"}],"wp:attachment":[{"href":"https:\/\/levangogh.fr\/index.php?rest_route=%2Fwp%2Fv2%2Fmedia&parent=199"}],"curies":[{"name":"wp","href":"https:\/\/api.w.org\/{rel}","templated":true}]}}