{"id":2,"date":"2014-09-05T08:17:34","date_gmt":"2014-09-05T07:17:34","guid":{"rendered":"https:\/\/levangogh.fr\/?page_id=2"},"modified":"2022-07-02T13:27:33","modified_gmt":"2022-07-02T12:27:33","slug":"accueil","status":"publish","type":"page","link":"https:\/\/levangogh.fr\/","title":{"rendered":"Accueil"},"content":{"rendered":"\t\t<div data-elementor-type=\"wp-page\" data-elementor-id=\"2\" class=\"elementor elementor-2\">\n\t\t\t\t\t\t<section class=\"elementor-section elementor-top-section elementor-element elementor-element-63ec91d3 elementor-section-boxed elementor-section-height-default elementor-section-height-default\" data-id=\"63ec91d3\" data-element_type=\"section\" data-e-type=\"section\">\n\t\t\t\t\t\t<div class=\"elementor-container elementor-column-gap-default\">\n\t\t\t\t\t<div class=\"elementor-column elementor-col-100 elementor-top-column elementor-element elementor-element-49974818\" data-id=\"49974818\" data-element_type=\"column\" data-e-type=\"column\">\n\t\t\t<div class=\"elementor-widget-wrap elementor-element-populated\">\n\t\t\t\t\t\t<div class=\"elementor-element elementor-element-4d866c4 elementor-widget elementor-widget-image\" data-id=\"4d866c4\" data-element_type=\"widget\" data-e-type=\"widget\" data-widget_type=\"image.default\">\n\t\t\t\t<div class=\"elementor-widget-container\">\n\t\t\t\t\t\t\t\t\t\t\t\t\t\t\t<img fetchpriority=\"high\" decoding=\"async\" width=\"768\" height=\"178\" src=\"https:\/\/levangogh.fr\/wp-content\/uploads\/2022\/06\/logo-le-Van-Gogh-768x178.jpg\" class=\"attachment-medium_large size-medium_large wp-image-225\" alt=\"\" srcset=\"https:\/\/levangogh.fr\/wp-content\/uploads\/2022\/06\/logo-le-Van-Gogh-768x178.jpg 768w, https:\/\/levangogh.fr\/wp-content\/uploads\/2022\/06\/logo-le-Van-Gogh-300x70.jpg 300w, https:\/\/levangogh.fr\/wp-content\/uploads\/2022\/06\/logo-le-Van-Gogh-1024x238.jpg 1024w, https:\/\/levangogh.fr\/wp-content\/uploads\/2022\/06\/logo-le-Van-Gogh-1536x356.jpg 1536w, https:\/\/levangogh.fr\/wp-content\/uploads\/2022\/06\/logo-le-Van-Gogh-2048x475.jpg 2048w\" sizes=\"(max-width: 768px) 100vw, 768px\" \/>\t\t\t\t\t\t\t\t\t\t\t\t\t\t\t<\/div>\n\t\t\t\t<\/div>\n\t\t\t\t<div class=\"elementor-element elementor-element-3b8dbd8 elementor-widget elementor-widget-image\" data-id=\"3b8dbd8\" data-element_type=\"widget\" data-e-type=\"widget\" data-widget_type=\"image.default\">\n\t\t\t\t<div class=\"elementor-widget-container\">\n\t\t\t\t\t\t\t\t\t\t\t\t\t\t\t<img decoding=\"async\" width=\"320\" height=\"240\" src=\"https:\/\/levangogh.fr\/wp-content\/uploads\/2022\/06\/00005.jpg\" class=\"attachment-large size-large wp-image-246\" alt=\"\" srcset=\"https:\/\/levangogh.fr\/wp-content\/uploads\/2022\/06\/00005.jpg 320w, https:\/\/levangogh.fr\/wp-content\/uploads\/2022\/06\/00005-300x225.jpg 300w\" sizes=\"(max-width: 320px) 100vw, 320px\" \/>\t\t\t\t\t\t\t\t\t\t\t\t\t\t\t<\/div>\n\t\t\t\t<\/div>\n\t\t\t\t<div class=\"elementor-element elementor-element-a78a103 elementor-widget elementor-widget-text-editor\" data-id=\"a78a103\" data-element_type=\"widget\" data-e-type=\"widget\" data-widget_type=\"text-editor.default\">\n\t\t\t\t<div class=\"elementor-widget-container\">\n\t\t\t\t\t\t\t\t\t<p style=\"text-align: center;\">Le Van Gogh brasserie Pizzeria\u00a0<\/p>\n<p style=\"text-align: center;\">Situe en plein c\u0153ur de la ville de Lourdes notre Etablissement dispose d une belle terrasse ombragee . Nous proposons tous les jours des plats du jour, une carte diverse et variee mais egalement des pizzas au feu de bois. Notre Etablissement a ete renove entierement en 2018 et beneficie du label tourisme et handicap et aussi du label tourisme Occitanie sud de France et nous nous engageons \u00e0 vous servir des produits frais et locaux.<\/p>\n<p><\/p>\t\t\t\t\t\t\t\t<\/div>\n\t\t\t\t<\/div>\n\t\t\t\t\t<\/div>\n\t\t<\/div>\n\t\t\t\t\t<\/div>\n\t\t<\/section>\n\t\t\t\t<section class=\"elementor-section elementor-top-section elementor-element elementor-element-cc30cc7 elementor-section-boxed elementor-section-height-default elementor-section-height-default\" data-id=\"cc30cc7\" data-element_type=\"section\" data-e-type=\"section\">\n\t\t\t\t\t\t<div class=\"elementor-container elementor-column-gap-default\">\n\t\t\t\t\t<div class=\"elementor-column elementor-col-100 elementor-top-column elementor-element elementor-element-7e4c336\" data-id=\"7e4c336\" data-element_type=\"column\" data-e-type=\"column\">\n\t\t\t<div class=\"elementor-widget-wrap elementor-element-populated\">\n\t\t\t\t\t\t<div class=\"elementor-element elementor-element-645aa1a elementor-widget elementor-widget-image\" data-id=\"645aa1a\" data-element_type=\"widget\" data-e-type=\"widget\" data-widget_type=\"image.default\">\n\t\t\t\t<div class=\"elementor-widget-container\">\n\t\t\t\t\t\t\t\t\t\t\t\t\t\t\t<img decoding=\"async\" width=\"768\" height=\"576\" src=\"https:\/\/levangogh.fr\/wp-content\/uploads\/2022\/06\/le-van-gogh_124590_f32-768x576.jpg\" class=\"attachment-medium_large size-medium_large wp-image-232\" alt=\"\" srcset=\"https:\/\/levangogh.fr\/wp-content\/uploads\/2022\/06\/le-van-gogh_124590_f32-768x576.jpg 768w, https:\/\/levangogh.fr\/wp-content\/uploads\/2022\/06\/le-van-gogh_124590_f32-300x225.jpg 300w, https:\/\/levangogh.fr\/wp-content\/uploads\/2022\/06\/le-van-gogh_124590_f32.jpg 960w\" sizes=\"(max-width: 768px) 100vw, 768px\" \/>\t\t\t\t\t\t\t\t\t\t\t\t\t\t\t<\/div>\n\t\t\t\t<\/div>\n\t\t\t\t\t<\/div>\n\t\t<\/div>\n\t\t\t\t\t<\/div>\n\t\t<\/section>\n\t\t\t\t<section class=\"elementor-section elementor-top-section elementor-element elementor-element-3e68fc1 elementor-section-boxed elementor-section-height-default elementor-section-height-default\" data-id=\"3e68fc1\" data-element_type=\"section\" data-e-type=\"section\">\n\t\t\t\t\t\t<div class=\"elementor-container elementor-column-gap-default\">\n\t\t\t\t\t<div class=\"elementor-column elementor-col-100 elementor-top-column elementor-element elementor-element-c112147\" data-id=\"c112147\" data-element_type=\"column\" data-e-type=\"column\">\n\t\t\t<div class=\"elementor-widget-wrap\">\n\t\t\t\t\t\t\t<\/div>\n\t\t<\/div>\n\t\t\t\t\t<\/div>\n\t\t<\/section>\n\t\t\t\t<section class=\"elementor-section elementor-top-section elementor-element elementor-element-0b4e301 elementor-section-boxed elementor-section-height-default elementor-section-height-default\" data-id=\"0b4e301\" data-element_type=\"section\" data-e-type=\"section\">\n\t\t\t\t\t\t<div class=\"elementor-container elementor-column-gap-default\">\n\t\t\t\t\t<div class=\"elementor-column elementor-col-100 elementor-top-column elementor-element elementor-element-afb5116\" data-id=\"afb5116\" data-element_type=\"column\" data-e-type=\"column\">\n\t\t\t<div class=\"elementor-widget-wrap elementor-element-populated\">\n\t\t\t\t\t\t<div class=\"elementor-element elementor-element-939ac86 elementor-widget elementor-widget-image-gallery\" data-id=\"939ac86\" data-element_type=\"widget\" data-e-type=\"widget\" data-widget_type=\"image-gallery.default\">\n\t\t\t\t<div class=\"elementor-widget-container\">\n\t\t\t\t\t\t\t<div class=\"elementor-image-gallery\">\n\t\t\t<div id='gallery-1' class='gallery galleryid-2 gallery-columns-10 gallery-size-thumbnail'><figure class='gallery-item'>\n\t\t\t<div class='gallery-icon portrait'>\n\t\t\t\t<img loading=\"lazy\" decoding=\"async\" width=\"150\" height=\"150\" src=\"https:\/\/levangogh.fr\/wp-content\/uploads\/2022\/06\/p0002-150x150.jpg\" class=\"attachment-thumbnail size-thumbnail\" alt=\"\" \/>\n\t\t\t<\/div><\/figure><figure class='gallery-item'>\n\t\t\t<div class='gallery-icon portrait'>\n\t\t\t\t<img loading=\"lazy\" decoding=\"async\" width=\"150\" height=\"150\" src=\"https:\/\/levangogh.fr\/wp-content\/uploads\/2022\/06\/p0001-150x150.jpg\" class=\"attachment-thumbnail size-thumbnail\" alt=\"\" \/>\n\t\t\t<\/div><\/figure><figure class='gallery-item'>\n\t\t\t<div class='gallery-icon landscape'>\n\t\t\t\t<img loading=\"lazy\" decoding=\"async\" width=\"150\" height=\"150\" src=\"https:\/\/levangogh.fr\/wp-content\/uploads\/2022\/06\/p0014-1-150x150.jpg\" class=\"attachment-thumbnail size-thumbnail\" alt=\"\" srcset=\"https:\/\/levangogh.fr\/wp-content\/uploads\/2022\/06\/p0014-1-150x150.jpg 150w, https:\/\/levangogh.fr\/wp-content\/uploads\/2022\/06\/p0014-1-300x300.jpg 300w, https:\/\/levangogh.fr\/wp-content\/uploads\/2022\/06\/p0014-1-1024x1024.jpg 1024w, https:\/\/levangogh.fr\/wp-content\/uploads\/2022\/06\/p0014-1-768x768.jpg 768w, https:\/\/levangogh.fr\/wp-content\/uploads\/2022\/06\/p0014-1.jpg 1440w\" sizes=\"(max-width: 150px) 100vw, 150px\" \/>\n\t\t\t<\/div><\/figure><figure class='gallery-item'>\n\t\t\t<div class='gallery-icon landscape'>\n\t\t\t\t<img loading=\"lazy\" decoding=\"async\" width=\"150\" height=\"150\" src=\"https:\/\/levangogh.fr\/wp-content\/uploads\/2022\/06\/p0016-150x150.jpg\" class=\"attachment-thumbnail size-thumbnail\" alt=\"\" srcset=\"https:\/\/levangogh.fr\/wp-content\/uploads\/2022\/06\/p0016-150x150.jpg 150w, https:\/\/levangogh.fr\/wp-content\/uploads\/2022\/06\/p0016-300x300.jpg 300w, https:\/\/levangogh.fr\/wp-content\/uploads\/2022\/06\/p0016.jpg 320w\" sizes=\"(max-width: 150px) 100vw, 150px\" \/>\n\t\t\t<\/div><\/figure><figure class='gallery-item'>\n\t\t\t<div class='gallery-icon portrait'>\n\t\t\t\t<img loading=\"lazy\" decoding=\"async\" width=\"150\" height=\"150\" src=\"https:\/\/levangogh.fr\/wp-content\/uploads\/2022\/06\/p0015-150x150.jpg\" class=\"attachment-thumbnail size-thumbnail\" alt=\"\" \/>\n\t\t\t<\/div><\/figure><figure class='gallery-item'>\n\t\t\t<div class='gallery-icon portrait'>\n\t\t\t\t<img loading=\"lazy\" decoding=\"async\" width=\"150\" height=\"150\" src=\"https:\/\/levangogh.fr\/wp-content\/uploads\/2022\/06\/p0012-150x150.jpg\" class=\"attachment-thumbnail size-thumbnail\" alt=\"\" \/>\n\t\t\t<\/div><\/figure><figure class='gallery-item'>\n\t\t\t<div class='gallery-icon landscape'>\n\t\t\t\t<img loading=\"lazy\" decoding=\"async\" width=\"150\" height=\"150\" src=\"https:\/\/levangogh.fr\/wp-content\/uploads\/2022\/06\/p0010-150x150.jpg\" class=\"attachment-thumbnail size-thumbnail\" alt=\"\" srcset=\"https:\/\/levangogh.fr\/wp-content\/uploads\/2022\/06\/p0010-150x150.jpg 150w, https:\/\/levangogh.fr\/wp-content\/uploads\/2022\/06\/p0010-300x300.jpg 300w, https:\/\/levangogh.fr\/wp-content\/uploads\/2022\/06\/p0010.jpg 320w\" sizes=\"(max-width: 150px) 100vw, 150px\" \/>\n\t\t\t<\/div><\/figure><figure class='gallery-item'>\n\t\t\t<div class='gallery-icon portrait'>\n\t\t\t\t<img loading=\"lazy\" decoding=\"async\" width=\"150\" height=\"150\" src=\"https:\/\/levangogh.fr\/wp-content\/uploads\/2022\/06\/p0013-150x150.jpg\" class=\"attachment-thumbnail size-thumbnail\" alt=\"\" \/>\n\t\t\t<\/div><\/figure><figure class='gallery-item'>\n\t\t\t<div class='gallery-icon portrait'>\n\t\t\t\t<img loading=\"lazy\" decoding=\"async\" width=\"150\" height=\"150\" src=\"https:\/\/levangogh.fr\/wp-content\/uploads\/2022\/06\/p0009-150x150.jpg\" class=\"attachment-thumbnail size-thumbnail\" alt=\"\" \/>\n\t\t\t<\/div><\/figure><figure class='gallery-item'>\n\t\t\t<div class='gallery-icon portrait'>\n\t\t\t\t<img loading=\"lazy\" decoding=\"async\" width=\"150\" height=\"150\" src=\"https:\/\/levangogh.fr\/wp-content\/uploads\/2022\/06\/p0011-150x150.jpg\" class=\"attachment-thumbnail size-thumbnail\" alt=\"\" \/>\n\t\t\t<\/div><\/figure><figure class='gallery-item'>\n\t\t\t<div class='gallery-icon portrait'>\n\t\t\t\t<img loading=\"lazy\" decoding=\"async\" width=\"150\" height=\"150\" src=\"https:\/\/levangogh.fr\/wp-content\/uploads\/2022\/06\/p0008-150x150.jpg\" class=\"attachment-thumbnail size-thumbnail\" alt=\"\" \/>\n\t\t\t<\/div><\/figure><figure class='gallery-item'>\n\t\t\t<div class='gallery-icon portrait'>\n\t\t\t\t<img loading=\"lazy\" decoding=\"async\" width=\"150\" height=\"150\" src=\"https:\/\/levangogh.fr\/wp-content\/uploads\/2022\/06\/p0006-150x150.jpg\" class=\"attachment-thumbnail size-thumbnail\" alt=\"\" \/>\n\t\t\t<\/div><\/figure><figure class='gallery-item'>\n\t\t\t<div class='gallery-icon portrait'>\n\t\t\t\t<img loading=\"lazy\" decoding=\"async\" width=\"150\" height=\"150\" src=\"https:\/\/levangogh.fr\/wp-content\/uploads\/2022\/06\/p0007-150x150.jpg\" class=\"attachment-thumbnail size-thumbnail\" alt=\"\" \/>\n\t\t\t<\/div><\/figure><figure class='gallery-item'>\n\t\t\t<div class='gallery-icon portrait'>\n\t\t\t\t<img loading=\"lazy\" decoding=\"async\" width=\"150\" height=\"150\" src=\"https:\/\/levangogh.fr\/wp-content\/uploads\/2022\/06\/p0005-150x150.jpg\" class=\"attachment-thumbnail size-thumbnail\" alt=\"\" \/>\n\t\t\t<\/div><\/figure><figure class='gallery-item'>\n\t\t\t<div class='gallery-icon portrait'>\n\t\t\t\t<img loading=\"lazy\" decoding=\"async\" width=\"150\" height=\"150\" src=\"https:\/\/levangogh.fr\/wp-content\/uploads\/2022\/06\/p0004-150x150.jpg\" class=\"attachment-thumbnail size-thumbnail\" alt=\"\" \/>\n\t\t\t<\/div><\/figure><figure class='gallery-item'>\n\t\t\t<div class='gallery-icon landscape'>\n\t\t\t\t<img loading=\"lazy\" decoding=\"async\" width=\"150\" height=\"150\" src=\"https:\/\/levangogh.fr\/wp-content\/uploads\/2022\/06\/p0014-150x150.jpg\" class=\"attachment-thumbnail size-thumbnail\" alt=\"\" srcset=\"https:\/\/levangogh.fr\/wp-content\/uploads\/2022\/06\/p0014-150x150.jpg 150w, https:\/\/levangogh.fr\/wp-content\/uploads\/2022\/06\/p0014-300x300.jpg 300w, https:\/\/levangogh.fr\/wp-content\/uploads\/2022\/06\/p0014-1024x1024.jpg 1024w, https:\/\/levangogh.fr\/wp-content\/uploads\/2022\/06\/p0014-768x768.jpg 768w, https:\/\/levangogh.fr\/wp-content\/uploads\/2022\/06\/p0014.jpg 1440w\" sizes=\"(max-width: 150px) 100vw, 150px\" \/>\n\t\t\t<\/div><\/figure><figure class='gallery-item'>\n\t\t\t<div class='gallery-icon portrait'>\n\t\t\t\t<img loading=\"lazy\" decoding=\"async\" width=\"150\" height=\"150\" src=\"https:\/\/levangogh.fr\/wp-content\/uploads\/2022\/06\/p0003-150x150.jpg\" class=\"attachment-thumbnail size-thumbnail\" alt=\"\" \/>\n\t\t\t<\/div><\/figure><figure class='gallery-item'>\n\t\t\t<div class='gallery-icon portrait'>\n\t\t\t\t<img loading=\"lazy\" decoding=\"async\" width=\"150\" height=\"150\" src=\"https:\/\/levangogh.fr\/wp-content\/uploads\/2022\/06\/608d88e07300006d148103e5-150x150.jpg\" class=\"attachment-thumbnail size-thumbnail\" alt=\"\" \/>\n\t\t\t<\/div><\/figure><figure class='gallery-item'>\n\t\t\t<div class='gallery-icon landscape'>\n\t\t\t\t<img loading=\"lazy\" decoding=\"async\" width=\"150\" height=\"150\" src=\"https:\/\/levangogh.fr\/wp-content\/uploads\/2022\/06\/e6f5def1-399e-43e2-b0cb-b7b8448820d1-150x150.jpg\" class=\"attachment-thumbnail size-thumbnail\" alt=\"\" \/>\n\t\t\t<\/div><\/figure><figure class='gallery-item'>\n\t\t\t<div class='gallery-icon portrait'>\n\t\t\t\t<img loading=\"lazy\" decoding=\"async\" width=\"150\" height=\"150\" src=\"https:\/\/levangogh.fr\/wp-content\/uploads\/2022\/06\/image-150x150.jpg\" class=\"attachment-thumbnail size-thumbnail\" alt=\"\" \/>\n\t\t\t<\/div><\/figure><figure class='gallery-item'>\n\t\t\t<div class='gallery-icon portrait'>\n\t\t\t\t<img loading=\"lazy\" decoding=\"async\" width=\"150\" height=\"150\" src=\"https:\/\/levangogh.fr\/wp-content\/uploads\/2022\/06\/2018-11-25-150x150.jpg\" class=\"attachment-thumbnail size-thumbnail\" alt=\"\" \/>\n\t\t\t<\/div><\/figure><figure class='gallery-item'>\n\t\t\t<div class='gallery-icon landscape'>\n\t\t\t\t<img loading=\"lazy\" decoding=\"async\" width=\"150\" height=\"150\" src=\"https:\/\/levangogh.fr\/wp-content\/uploads\/2022\/06\/image2-150x150.jpg\" class=\"attachment-thumbnail size-thumbnail\" alt=\"\" \/>\n\t\t\t<\/div><\/figure>\n\t\t<\/div>\n\t\t<\/div>\n\t\t\t\t\t\t<\/div>\n\t\t\t\t<\/div>\n\t\t\t\t\t<\/div>\n\t\t<\/div>\n\t\t\t\t\t<\/div>\n\t\t<\/section>\n\t\t\t\t<\/div>\n\t\t","protected":false},"excerpt":{"rendered":"<p>Le Van Gogh brasserie Pizzeria&nbsp; Situe en plein c\u0153ur de la ville de Lourdes notre Etablissement dispose d une belle terrasse ombragee . Nous proposons tous les jours des plats du jour, une carte diverse et variee mais egalement des pizzas au feu de bois. Notre Etablissement a ete renove entierement en 2018 et beneficie &#8230; <a title=\"Accueil\" class=\"read-more\" href=\"https:\/\/levangogh.fr\/\">Read more<span class=\"screen-reader-text\">Accueil<\/span><\/a><\/p>\n","protected":false},"author":1,"featured_media":112,"parent":0,"menu_order":0,"comment_status":"open","ping_status":"closed","template":"","meta":{"footnotes":""},"class_list":["post-2","page","type-page","status-publish","has-post-thumbnail"],"yoast_head":"<!-- This site is optimized with the Yoast SEO plugin v27.5 - https:\/\/yoast.com\/product\/yoast-seo-wordpress\/ -->\n<title>Accueil - Le Van Gogh<\/title>\n<meta name=\"description\" content=\"Lourdes , Brasserie , Tapas , Restaurant , Vins , Lounge , Bar , ville de Lourdes , Pizzeria , Sanctuaires , Hautes-Pyr\u00e9n\u00e9es , Lourdes 65100 , Bi\u00e8res , Cocktails , Bar a vins\" \/>\n<meta name=\"robots\" content=\"index, follow, max-snippet:-1, max-image-preview:large, max-video-preview:-1\" \/>\n<link rel=\"canonical\" href=\"https:\/\/levangogh.fr\/\" \/>\n<meta property=\"og:locale\" content=\"fr_FR\" \/>\n<meta property=\"og:type\" content=\"article\" \/>\n<meta property=\"og:title\" content=\"Accueil - Le Van Gogh\" \/>\n<meta property=\"og:description\" content=\"Lourdes , Brasserie , Tapas , Restaurant , Vins , Lounge , Bar , ville de Lourdes , Pizzeria , Sanctuaires , Hautes-Pyr\u00e9n\u00e9es , Lourdes 65100 , Bi\u00e8res , Cocktails , Bar a vins\" \/>\n<meta property=\"og:url\" content=\"https:\/\/levangogh.fr\/\" \/>\n<meta property=\"og:site_name\" content=\"Le Van Gogh\" \/>\n<meta property=\"article:modified_time\" content=\"2022-07-02T12:27:33+00:00\" \/>\n<meta property=\"og:image\" content=\"https:\/\/levangogh.fr\/wp-content\/uploads\/2022\/06\/cropped-186480913_924773214765306_5913700120794654468_n.jpg\" \/>\n\t<meta property=\"og:image:width\" content=\"1440\" \/>\n\t<meta property=\"og:image:height\" content=\"432\" \/>\n\t<meta property=\"og:image:type\" content=\"image\/jpeg\" \/>\n<meta name=\"twitter:label1\" content=\"Dur\u00e9e de lecture estim\u00e9e\" \/>\n\t<meta name=\"twitter:data1\" content=\"6 minutes\" \/>\n<script type=\"application\/ld+json\" class=\"yoast-schema-graph\">{\"@context\":\"https:\\\/\\\/schema.org\",\"@graph\":[{\"@type\":\"WebPage\",\"@id\":\"https:\\\/\\\/levangogh.fr\\\/\",\"url\":\"https:\\\/\\\/levangogh.fr\\\/\",\"name\":\"Accueil - Le Van Gogh\",\"isPartOf\":{\"@id\":\"https:\\\/\\\/levangogh.fr\\\/#website\"},\"primaryImageOfPage\":{\"@id\":\"https:\\\/\\\/levangogh.fr\\\/#primaryimage\"},\"image\":{\"@id\":\"https:\\\/\\\/levangogh.fr\\\/#primaryimage\"},\"thumbnailUrl\":\"https:\\\/\\\/levangogh.fr\\\/wp-content\\\/uploads\\\/2022\\\/06\\\/cropped-186480913_924773214765306_5913700120794654468_n.jpg\",\"datePublished\":\"2014-09-05T07:17:34+00:00\",\"dateModified\":\"2022-07-02T12:27:33+00:00\",\"description\":\"Lourdes , Brasserie , Tapas , Restaurant , Vins , Lounge , Bar , ville de Lourdes , Pizzeria , Sanctuaires , Hautes-Pyr\u00e9n\u00e9es , Lourdes 65100 , Bi\u00e8res , Cocktails , Bar a vins\",\"inLanguage\":\"fr-FR\",\"potentialAction\":[{\"@type\":\"ReadAction\",\"target\":[\"https:\\\/\\\/levangogh.fr\\\/\"]}]},{\"@type\":\"ImageObject\",\"inLanguage\":\"fr-FR\",\"@id\":\"https:\\\/\\\/levangogh.fr\\\/#primaryimage\",\"url\":\"https:\\\/\\\/levangogh.fr\\\/wp-content\\\/uploads\\\/2022\\\/06\\\/cropped-186480913_924773214765306_5913700120794654468_n.jpg\",\"contentUrl\":\"https:\\\/\\\/levangogh.fr\\\/wp-content\\\/uploads\\\/2022\\\/06\\\/cropped-186480913_924773214765306_5913700120794654468_n.jpg\",\"width\":1440,\"height\":432},{\"@type\":\"WebSite\",\"@id\":\"https:\\\/\\\/levangogh.fr\\\/#website\",\"url\":\"https:\\\/\\\/levangogh.fr\\\/\",\"name\":\"Le Van Gogh\",\"description\":\"Le Van Gogh\",\"potentialAction\":[{\"@type\":\"SearchAction\",\"target\":{\"@type\":\"EntryPoint\",\"urlTemplate\":\"https:\\\/\\\/levangogh.fr\\\/?s={search_term_string}\"},\"query-input\":{\"@type\":\"PropertyValueSpecification\",\"valueRequired\":true,\"valueName\":\"search_term_string\"}}],\"inLanguage\":\"fr-FR\"}]}<\/script>\n<!-- \/ Yoast SEO plugin. -->","yoast_head_json":{"title":"Accueil - Le Van Gogh","description":"Lourdes , Brasserie , Tapas , Restaurant , Vins , Lounge , Bar , ville de Lourdes , Pizzeria , Sanctuaires , Hautes-Pyr\u00e9n\u00e9es , Lourdes 65100 , Bi\u00e8res , Cocktails , Bar a vins","robots":{"index":"index","follow":"follow","max-snippet":"max-snippet:-1","max-image-preview":"max-image-preview:large","max-video-preview":"max-video-preview:-1"},"canonical":"https:\/\/levangogh.fr\/","og_locale":"fr_FR","og_type":"article","og_title":"Accueil - Le Van Gogh","og_description":"Lourdes , Brasserie , Tapas , Restaurant , Vins , Lounge , Bar , ville de Lourdes , Pizzeria , Sanctuaires , Hautes-Pyr\u00e9n\u00e9es , Lourdes 65100 , Bi\u00e8res , Cocktails , Bar a vins","og_url":"https:\/\/levangogh.fr\/","og_site_name":"Le Van Gogh","article_modified_time":"2022-07-02T12:27:33+00:00","og_image":[{"width":1440,"height":432,"url":"https:\/\/levangogh.fr\/wp-content\/uploads\/2022\/06\/cropped-186480913_924773214765306_5913700120794654468_n.jpg","type":"image\/jpeg"}],"twitter_misc":{"Dur\u00e9e de lecture estim\u00e9e":"6 minutes"},"schema":{"@context":"https:\/\/schema.org","@graph":[{"@type":"WebPage","@id":"https:\/\/levangogh.fr\/","url":"https:\/\/levangogh.fr\/","name":"Accueil - Le Van Gogh","isPartOf":{"@id":"https:\/\/levangogh.fr\/#website"},"primaryImageOfPage":{"@id":"https:\/\/levangogh.fr\/#primaryimage"},"image":{"@id":"https:\/\/levangogh.fr\/#primaryimage"},"thumbnailUrl":"https:\/\/levangogh.fr\/wp-content\/uploads\/2022\/06\/cropped-186480913_924773214765306_5913700120794654468_n.jpg","datePublished":"2014-09-05T07:17:34+00:00","dateModified":"2022-07-02T12:27:33+00:00","description":"Lourdes , Brasserie , Tapas , Restaurant , Vins , Lounge , Bar , ville de Lourdes , Pizzeria , Sanctuaires , Hautes-Pyr\u00e9n\u00e9es , Lourdes 65100 , Bi\u00e8res , Cocktails , Bar a vins","inLanguage":"fr-FR","potentialAction":[{"@type":"ReadAction","target":["https:\/\/levangogh.fr\/"]}]},{"@type":"ImageObject","inLanguage":"fr-FR","@id":"https:\/\/levangogh.fr\/#primaryimage","url":"https:\/\/levangogh.fr\/wp-content\/uploads\/2022\/06\/cropped-186480913_924773214765306_5913700120794654468_n.jpg","contentUrl":"https:\/\/levangogh.fr\/wp-content\/uploads\/2022\/06\/cropped-186480913_924773214765306_5913700120794654468_n.jpg","width":1440,"height":432},{"@type":"WebSite","@id":"https:\/\/levangogh.fr\/#website","url":"https:\/\/levangogh.fr\/","name":"Le Van Gogh","description":"Le Van Gogh","potentialAction":[{"@type":"SearchAction","target":{"@type":"EntryPoint","urlTemplate":"https:\/\/levangogh.fr\/?s={search_term_string}"},"query-input":{"@type":"PropertyValueSpecification","valueRequired":true,"valueName":"search_term_string"}}],"inLanguage":"fr-FR"}]}},"_links":{"self":[{"href":"https:\/\/levangogh.fr\/index.php?rest_route=\/wp\/v2\/pages\/2","targetHints":{"allow":["GET"]}}],"collection":[{"href":"https:\/\/levangogh.fr\/index.php?rest_route=\/wp\/v2\/pages"}],"about":[{"href":"https:\/\/levangogh.fr\/index.php?rest_route=\/wp\/v2\/types\/page"}],"author":[{"embeddable":true,"href":"https:\/\/levangogh.fr\/index.php?rest_route=\/wp\/v2\/users\/1"}],"replies":[{"embeddable":true,"href":"https:\/\/levangogh.fr\/index.php?rest_route=%2Fwp%2Fv2%2Fcomments&post=2"}],"version-history":[{"count":0,"href":"https:\/\/levangogh.fr\/index.php?rest_route=\/wp\/v2\/pages\/2\/revisions"}],"wp:featuredmedia":[{"embeddable":true,"href":"https:\/\/levangogh.fr\/index.php?rest_route=\/wp\/v2\/media\/112"}],"wp:attachment":[{"href":"https:\/\/levangogh.fr\/index.php?rest_route=%2Fwp%2Fv2%2Fmedia&parent=2"}],"curies":[{"name":"wp","href":"https:\/\/api.w.org\/{rel}","templated":true}]}}